{"id":46,"date":"2025-11-03T14:19:18","date_gmt":"2025-11-03T14:19:18","guid":{"rendered":"http:\/\/localhost\/?page_id=46"},"modified":"2026-02-06T15:48:13","modified_gmt":"2026-02-06T15:48:13","slug":"home","status":"publish","type":"page","link":"https:\/\/direitoshumanos.gamerocorporation.com\/","title":{"rendered":"Home"},"content":{"rendered":"\n<div class=\"wp-block-cover alignfull is-light hestia-clear-top-padding\"><span aria-hidden=\"true\" class=\"wp-block-cover__background has-white-background-color has-background-dim-100 has-background-dim\"><\/span><div class=\"wp-block-cover__inner-container is-layout-flow wp-block-cover-is-layout-flow\">\n<h2 class=\"wp-block-heading has-text-align-center has-text-color\" style=\"color:#3c4858\">Direitos Fundamentais<\/h2>\n\n\n\n<div style=\"height:40px\" aria-hidden=\"true\" class=\"wp-block-spacer\"><\/div>\n\n\n\n<div class=\"wp-block-columns container is-layout-flex wp-container-core-columns-is-layout-28f84493 wp-block-columns-is-layout-flex\">\n<div class=\"wp-block-column is-layout-flow wp-block-column-is-layout-flow\"><div class=\"wp-block-image is-style-default\">\n<figure class=\"aligncenter size-full is-resized\"><img loading=\"lazy\" decoding=\"async\" width=\"284\" height=\"177\" src=\"https:\/\/direitoshumanos.gamerocorporation.com\/wp-content\/uploads\/2025\/11\/liberdade.png\" alt=\"\" class=\"wp-image-106\" style=\"width:122px;height:auto\"\/><\/figure>\n<\/div>\n\n\n<h5 class=\"wp-block-heading has-text-align-center has-text-color\" style=\"color:#3c4858;font-size:18px\">Liberdade<\/h5>\n\n\n\n<p class=\"has-text-align-center has-text-color\" style=\"color:#999999;font-size:14px\">Cada pessoa tem o direito de viver livremente, expressar as suas ideias e escolher o seu pr\u00f3prio caminho, sem medo nem opress\u00e3o.<\/p>\n\n\n\n<div style=\"height:25px\" aria-hidden=\"true\" class=\"wp-block-spacer\"><\/div>\n<\/div>\n\n\n\n<div class=\"wp-block-column is-layout-flow wp-block-column-is-layout-flow\"><div class=\"wp-block-image\">\n<figure class=\"aligncenter size-large is-resized\"><img decoding=\"async\" src=\"https:\/\/direitoshumanos.gamerocorporation.com\/wp-content\/uploads\/2025\/11\/igualdade.jpg\" alt=\"\" style=\"width:115px;height:auto\"\/><\/figure>\n<\/div>\n\n\n<h5 class=\"wp-block-heading has-text-align-center has-text-color\" style=\"color:#3c4858;font-size:18px\">Igualdade<\/h5>\n\n\n\n<p class=\"has-text-align-center has-text-color\" style=\"color:#999999;font-size:14px\">Todos somos iguais em dignidade e direitos, independentemente da origem, g\u00e9nero, cren\u00e7a ou condi\u00e7\u00e3o social.<\/p>\n\n\n\n<div style=\"height:25px\" aria-hidden=\"true\" class=\"wp-block-spacer\"><\/div>\n<\/div>\n\n\n\n<div class=\"wp-block-column is-layout-flow wp-block-column-is-layout-flow\"><div class=\"wp-block-image\">\n<figure class=\"aligncenter size-large is-resized\"><img decoding=\"async\" src=\"https:\/\/direitoshumanos.gamerocorporation.com\/wp-content\/uploads\/2025\/11\/respeito.jpg\" alt=\"\" style=\"width:143px;height:auto\"\/><\/figure>\n<\/div>\n\n\n<h5 class=\"wp-block-heading has-text-align-center has-text-color\" style=\"color:#3c4858;font-size:18px\">Respeito<\/h5>\n\n\n\n<p class=\"has-text-align-center has-text-color\" style=\"color:#999999;font-size:14px\">A conviv\u00eancia humana baseia-se no respeito m\u00fatuo, na empatia e na valoriza\u00e7\u00e3o da diversidade.<\/p>\n\n\n\n<div style=\"height:25px\" aria-hidden=\"true\" class=\"wp-block-spacer\"><\/div>\n<\/div>\n<\/div>\n\n\n\n<hr class=\"wp-block-separator has-alpha-channel-opacity is-style-wide\"\/>\n\n\n\n<h2 class=\"wp-block-heading has-text-align-center\">O Que S\u00e3o Direitos Humanos?<\/h2>\n\n\n\n<p style=\"border-right-color:#ffffff70;border-right-width:200px;border-left-color:#ffffff61;border-left-width:200px\">Os&nbsp;<strong>Direitos Humanos<\/strong>&nbsp;s\u00e3o um conjunto de&nbsp;<strong>regras b\u00e1sicas<\/strong>&nbsp;que reconhecem e protegem a dignidade e o valor de&nbsp;<strong>todas as pessoas<\/strong>. S\u00e3o os direitos que qualquer ser humano possui simplesmente por nascer.<\/p>\n\n\n\n<p style=\"border-right-color:#ffffff8c;border-right-width:200px;border-bottom-style:none;border-bottom-width:0px;border-left-color:#ffffff96;border-left-width:200px\">A sua principal miss\u00e3o \u00e9 garantir que toda a gente possa viver em&nbsp;<strong>liberdade, igualdade<\/strong>&nbsp;e com&nbsp;<strong>seguran\u00e7a<\/strong>, independentemente de quem seja, onde viva, ou o que acredite.<\/p>\n\n\n\n<hr class=\"wp-block-separator has-alpha-channel-opacity is-style-wide\"\/>\n<\/div><\/div>\n","protected":false},"excerpt":{"rendered":"","protected":false},"author":1,"featured_media":0,"parent":0,"menu_order":0,"comment_status":"closed","ping_status":"closed","template":"","meta":{"footnotes":""},"class_list":["post-46","page","type-page","status-publish","hentry"],"_links":{"self":[{"href":"https:\/\/direitoshumanos.gamerocorporation.com\/index.php\/wp-json\/wp\/v2\/pages\/46","targetHints":{"allow":["GET"]}}],"collection":[{"href":"https:\/\/direitoshumanos.gamerocorporation.com\/index.php\/wp-json\/wp\/v2\/pages"}],"about":[{"href":"https:\/\/direitoshumanos.gamerocorporation.com\/index.php\/wp-json\/wp\/v2\/types\/page"}],"author":[{"embeddable":true,"href":"https:\/\/direitoshumanos.gamerocorporation.com\/index.php\/wp-json\/wp\/v2\/users\/1"}],"replies":[{"embeddable":true,"href":"https:\/\/direitoshumanos.gamerocorporation.com\/index.php\/wp-json\/wp\/v2\/comments?post=46"}],"version-history":[{"count":16,"href":"https:\/\/direitoshumanos.gamerocorporation.com\/index.php\/wp-json\/wp\/v2\/pages\/46\/revisions"}],"predecessor-version":[{"id":196,"href":"https:\/\/direitoshumanos.gamerocorporation.com\/index.php\/wp-json\/wp\/v2\/pages\/46\/revisions\/196"}],"wp:attachment":[{"href":"https:\/\/direitoshumanos.gamerocorporation.com\/index.php\/wp-json\/wp\/v2\/media?parent=46"}],"curies":[{"name":"wp","href":"https:\/\/api.w.org\/{rel}","templated":true}]}}